{"id":2242,"date":"2023-03-03T11:21:24","date_gmt":"2023-03-03T11:21:24","guid":{"rendered":"https:\/\/rheinsharing.com\/?page_id=2242"},"modified":"2023-03-03T11:23:58","modified_gmt":"2023-03-03T11:23:58","slug":"impressum","status":"publish","type":"page","link":"https:\/\/rheinsharing.com\/index.php\/impressum\/","title":{"rendered":"Impressum"},"content":{"rendered":"\t\t<div data-elementor-type=\"wp-page\" data-elementor-id=\"2242\" class=\"elementor elementor-2242\">\n\t\t\t\t\t\t\t\t\t<section class=\"elementor-section elementor-top-section elementor-element elementor-element-1591342 elementor-section-boxed elementor-section-height-default elementor-section-height-default\" data-id=\"1591342\" data-element_type=\"section\">\n\t\t\t\t\t\t<div class=\"elementor-container elementor-column-gap-default\">\n\t\t\t\t\t<div class=\"elementor-column elementor-col-100 elementor-top-column elementor-element elementor-element-6d0db29\" data-id=\"6d0db29\" data-element_type=\"column\">\n\t\t\t<div class=\"elementor-widget-wrap elementor-element-populated\">\n\t\t\t\t\t\t\t\t<section class=\"elementor-section elementor-inner-section elementor-element elementor-element-58354e7 elementor-section-boxed elementor-section-height-default elementor-section-height-default\" data-id=\"58354e7\" data-element_type=\"section\">\n\t\t\t\t\t\t<div class=\"elementor-container elementor-column-gap-default\">\n\t\t\t\t\t<div class=\"elementor-column elementor-col-100 elementor-inner-column elementor-element elementor-element-f477154\" data-id=\"f477154\" data-element_type=\"column\">\n\t\t\t<div class=\"elementor-widget-wrap elementor-element-populated\">\n\t\t\t\t\t\t\t\t<div class=\"elementor-element elementor-element-c7910d0 elementor-widget elementor-widget-heading\" data-id=\"c7910d0\" data-element_type=\"widget\" data-widget_type=\"heading.default\">\n\t\t\t\t<div class=\"elementor-widget-container\">\n\t\t\t<style>\/*! elementor - v3.11.1 - 15-02-2023 *\/\n.elementor-heading-title{padding:0;margin:0;line-height:1}.elementor-widget-heading .elementor-heading-title[class*=elementor-size-]>a{color:inherit;font-size:inherit;line-height:inherit}.elementor-widget-heading .elementor-heading-title.elementor-size-small{font-size:15px}.elementor-widget-heading .elementor-heading-title.elementor-size-medium{font-size:19px}.elementor-widget-heading .elementor-heading-title.elementor-size-large{font-size:29px}.elementor-widget-heading .elementor-heading-title.elementor-size-xl{font-size:39px}.elementor-widget-heading .elementor-heading-title.elementor-size-xxl{font-size:59px}<\/style><h2 class=\"elementor-heading-title elementor-size-default\">Impressum<\/h2>\t\t<\/div>\n\t\t\t\t<\/div>\n\t\t\t\t<div class=\"elementor-element elementor-element-d37349f elementor-widget elementor-widget-text-editor\" data-id=\"d37349f\" data-element_type=\"widget\" data-widget_type=\"text-editor.default\">\n\t\t\t\t<div class=\"elementor-widget-container\">\n\t\t\t<style>\/*! elementor - v3.11.1 - 15-02-2023 *\/\n.elementor-widget-text-editor.elementor-drop-cap-view-stacked .elementor-drop-cap{background-color:#818a91;color:#fff}.elementor-widget-text-editor.elementor-drop-cap-view-framed .elementor-drop-cap{color:#818a91;border:3px solid;background-color:transparent}.elementor-widget-text-editor:not(.elementor-drop-cap-view-default) .elementor-drop-cap{margin-top:8px}.elementor-widget-text-editor:not(.elementor-drop-cap-view-default) .elementor-drop-cap-letter{width:1em;height:1em}.elementor-widget-text-editor .elementor-drop-cap{float:left;text-align:center;line-height:1;font-size:50px}.elementor-widget-text-editor .elementor-drop-cap-letter{display:inline-block}<\/style>\t\t\t\t<p><strong>Impressum<\/strong><br \/><strong>Angaben gem\u00e4\u00df \u00a7 5 TMG<\/strong><br \/><strong>RheinSharing GbR<\/strong><br \/><strong>Auf dem Flux 4<\/strong><br \/><strong>51789 Lindlar<\/strong><br \/><strong>Kontakt<\/strong><br \/><strong>E-Mail: team@rheinsharing.de<\/strong><br \/><strong>www.rheinsharing.de<\/strong><br \/><strong>Vertretungsberechtigte Gesellschafter: Marcel Heilich, Felix Roder<\/strong><br \/><strong>Steuer-Nr. : 221\/5852\/0913<\/strong><br \/><strong>Haftung f\u00fcr Inhalte<\/strong><br \/><strong>Als Diensteanbieter sind wir gem\u00e4\u00df \u00a7 7 Abs.1 TMG f\u00fcr eigene Inhalte auf diesen Seiten nach den <\/strong><br \/><strong>allgemeinen Gesetzen verantwortlich. Nach \u00a7\u00a7 8 bis 10 TMG sind wir als Diensteanbieter jedoch nicht <\/strong><br \/><strong>verpflichtet, \u00fcbermittelte oder gespeicherte fremde Informationen zu \u00fcberwachen oder nach Umst\u00e4nden <\/strong><br \/><strong>zu forschen, die auf eine rechtswidrige T\u00e4tigkeit hinweisen.<\/strong><br \/><strong>Verpflichtungen zur Entfernung oder Sperrung der Nutzung von Informationen nach den allgemeinen <\/strong><br \/><strong>Gesetzen bleiben hiervon unber\u00fchrt. Eine diesbez\u00fcgliche Haftung ist jedoch erst ab dem Zeitpunkt der <\/strong><br \/><strong>Kenntnis einer konkreten Rechtsverletzung m\u00f6glich. Bei Bekanntwerden von entsprechenden <\/strong><br \/><strong>Rechtsverletzungen werden wir diese Inhalte umgehend entfernen.<\/strong><br \/><strong>Haftung f\u00fcr Links<\/strong><br \/><strong>Unser Angebot enth\u00e4lt Links zu externen Websites Dritter, auf deren Inhalte wir keinen Einfluss haben. <\/strong><br \/><strong>Deshalb k\u00f6nnen wir f\u00fcr diese fremden Inhalte auch keine Gew\u00e4hr \u00fcbernehmen. F\u00fcr die Inhalte der <\/strong><br \/><strong>verlinkten Seiten ist stets der jeweilige Anbieter oder Betreiber der Seiten verantwortlich. Die verlinkten <\/strong><br \/><strong>Seiten wurden zum Zeitpunkt der Verlinkung auf m\u00f6gliche Rechtsverst\u00f6\u00dfe \u00fcberpr\u00fcft. Rechtswidrige <\/strong><br \/><strong>Inhalte waren zum Zeitpunkt der Verlinkung nicht erkennbar.<\/strong><br \/><strong>Eine permanente inhaltliche Kontrolle der verlinkten Seiten ist jedoch ohne konkrete Anhaltspunkte einer <\/strong><br \/><strong>Rechtsverletzung nicht zumutbar. Bei Bekanntwerden von Rechtsverletzungen werden wir derartige Links <\/strong><br \/><strong>umgehend entfernen.<\/strong><br \/><strong>Urheberrecht<\/strong><br \/><strong>Die durch die Seitenbetreiber erstellten Inhalte und Werke auf diesen Seiten unterliegen dem deutschen <\/strong><br \/><strong>Urheberrecht. Die Vervielf\u00e4ltigung, Bearbeitung, Verbreitung und jede Art der Verwertung au\u00dferhalb der <\/strong><br \/><strong>Grenzen des Urheberrechtes bed\u00fcrfen der schriftlichen Zustimmung des jeweiligen Autors bzw. <\/strong><br \/><strong>Erstellers. Downloads und Kopien dieser Seite sind nur f\u00fcr den privaten, nicht kommerziellen Gebrauch <\/strong><br \/><strong>gestattet.<\/strong><br \/><strong>Soweit die Inhalte auf dieser Seite nicht vom Betreiber erstellt wurden, werden die Urheberrechte Dritter <\/strong><br \/><strong>beachtet. Insbesondere werden Inhalte Dritter als solche gekennzeichnet. Sollten Sie trotzdem auf eine <\/strong><br \/><strong>Urheberrechtsverletzung aufmerksam werden, bitten wir um einen entsprechenden Hinweis. Bei <\/strong><br \/><strong>Bekanntwerden von Rechtsverletzungen werden wir derartige Inhalte umgehend entfernen.<\/strong><br \/><strong>Kommentiert [M(11]: den Text Pr\u00fcfen <\/strong><br \/><strong>Quelle: e-recht24.de<\/strong><\/p>\t\t\t\t\t\t<\/div>\n\t\t\t\t<\/div>\n\t\t\t\t\t<\/div>\n\t\t<\/div>\n\t\t\t\t\t\t\t<\/div>\n\t\t<\/section>\n\t\t\t\t\t<\/div>\n\t\t<\/div>\n\t\t\t\t\t\t\t<\/div>\n\t\t<\/section>\n\t\t\t\t\t\t\t<\/div>\n\t\t","protected":false},"excerpt":{"rendered":"<p>Impressum ImpressumAngaben gem\u00e4\u00df \u00a7 5 TMGRheinSharing GbRAuf dem Flux 451789 LindlarKontaktE-Mail: team@rheinsharing.dewww.rheinsharing.deVertretungsberechtigte Gesellschafter: Marcel Heilich, Felix RoderSteuer-Nr. : 221\/5852\/0913Haftung f\u00fcr InhalteAls Diensteanbieter sind wir gem\u00e4\u00df \u00a7 7 Abs.1 TMG f\u00fcr eigene Inhalte auf diesen Seiten nach den allgemeinen Gesetzen verantwortlich. Nach \u00a7\u00a7 8 bis 10 TMG sind wir als Diensteanbieter jedoch nicht verpflichtet, \u00fcbermittelte oder &hellip;<\/p>\n<p class=\"read-more\"> <a class=\"\" href=\"https:\/\/rheinsharing.com\/index.php\/impressum\/\"> <span class=\"screen-reader-text\">Impressum<\/span> Devam\u0131 &raquo;<\/a><\/p>\n","protected":false},"author":1,"featured_media":0,"parent":0,"menu_order":0,"comment_status":"closed","ping_status":"closed","template":"","meta":{"_uag_custom_page_level_css":"","site-sidebar-layout":"no-sidebar","site-content-layout":"page-builder","ast-global-header-display":"","ast-main-header-display":"","ast-hfb-above-header-display":"","ast-hfb-below-header-display":"","ast-hfb-mobile-header-display":"","site-post-title":"disabled","ast-breadcrumbs-content":"","ast-featured-img":"disabled","footer-sml-layout":"","theme-transparent-header-meta":"","adv-header-id-meta":"","stick-header-meta":"","header-above-stick-meta":"","header-main-stick-meta":"","header-below-stick-meta":"","footnotes":""},"uagb_featured_image_src":{"full":false,"thumbnail":false,"medium":false,"medium_large":false,"large":false,"1536x1536":false,"2048x2048":false,"depicter-thumbnail":false},"uagb_author_info":{"display_name":"team","author_link":"https:\/\/rheinsharing.com\/index.php\/author\/team\/"},"uagb_comment_info":0,"uagb_excerpt":"Impressum ImpressumAngaben gem\u00e4\u00df \u00a7 5 TMGRheinSharing GbRAuf dem Flux 451789 LindlarKontaktE-Mail: team@rheinsharing.dewww.rheinsharing.deVertretungsberechtigte Gesellschafter: Marcel Heilich, Felix RoderSteuer-Nr. : 221\/5852\/0913Haftung f\u00fcr InhalteAls Diensteanbieter sind wir gem\u00e4\u00df \u00a7 7 Abs.1 TMG f\u00fcr eigene Inhalte auf diesen Seiten nach den allgemeinen Gesetzen verantwortlich. Nach \u00a7\u00a7 8 bis 10 TMG sind wir als Diensteanbieter jedoch nicht verpflichtet, \u00fcbermittelte oder&hellip;","_links":{"self":[{"href":"https:\/\/rheinsharing.com\/index.php\/wp-json\/wp\/v2\/pages\/2242"}],"collection":[{"href":"https:\/\/rheinsharing.com\/index.php\/wp-json\/wp\/v2\/pages"}],"about":[{"href":"https:\/\/rheinsharing.com\/index.php\/wp-json\/wp\/v2\/types\/page"}],"author":[{"embeddable":true,"href":"https:\/\/rheinsharing.com\/index.php\/wp-json\/wp\/v2\/users\/1"}],"replies":[{"embeddable":true,"href":"https:\/\/rheinsharing.com\/index.php\/wp-json\/wp\/v2\/comments?post=2242"}],"version-history":[{"count":3,"href":"https:\/\/rheinsharing.com\/index.php\/wp-json\/wp\/v2\/pages\/2242\/revisions"}],"predecessor-version":[{"id":2245,"href":"https:\/\/rheinsharing.com\/index.php\/wp-json\/wp\/v2\/pages\/2242\/revisions\/2245"}],"wp:attachment":[{"href":"https:\/\/rheinsharing.com\/index.php\/wp-json\/wp\/v2\/media?parent=2242"}],"curies":[{"name":"wp","href":"https:\/\/api.w.org\/{rel}","templated":true}]}}